{"id":79,"date":"2013-05-29T19:24:50","date_gmt":"2013-05-29T19:24:50","guid":{"rendered":"http:\/\/www.gender.gov.sk\/zastavmenasilie\/?page_id=79"},"modified":"2017-03-22T15:22:49","modified_gmt":"2017-03-22T15:22:49","slug":"trnavsky-vuc","status":"publish","type":"page","link":"https:\/\/www.gender.gov.sk\/zastavmenasilie\/organizacie\/trnavsky-vuc\/","title":{"rendered":"Trnavsk\u00fd V\u00daC"},"content":{"rendered":"<p><em>Odpor\u00fa\u010dan\u00e9 zariadenia:<\/em><\/p>\n<p><strong>Kri\u017eovatky n. o. &#8211;\u00a0 Zariadenie n\u00fadzov\u00e9ho b\u00fdvania Emauzy, Hol\u00ed\u010d<\/strong><br \/>\nAdresa:\u00a0 J. \u010cabelku 3, 908 51 Hol\u00ed\u010d<br \/>\nWeb:\u00a0<a href=\"http:\/\/www.krizovatky.eu\/azylovy-dom-emauzy\">www.krizovatky.eu\/azylovy-dom-emauzy\u00a0\u00a0\u00a0\u00a0\u00a0\u00a0\u00a0\u00a0\u00a0\u00a0\u00a0\u00a0\u00a0\u00a0\u00a0\u00a0\u00a0\u00a0\u00a0\u00a0\u00a0\u00a0\u00a0\u00a0\u00a0\u00a0\u00a0\u00a0\u00a0\u00a0\u00a0\u00a0\u00a0\u00a0\u00a0\u00a0\u00a0\u00a0\u00a0\u00a0\u00a0\u00a0\u00a0\u00a0\u00a0\u00a0\u00a0\u00a0\u00a0\u00a0\u00a0\u00a0\u00a0\u00a0\u00a0\u00a0\u00a0\u00a0\u00a0\u00a0\u00a0\u00a0\u00a0\u00a0\u00a0\u00a0\u00a0\u00a0\u00a0\u00a0\u00a0\u00a0\u00a0\u00a0\u00a0\u00a0\u00a0\u00a0\u00a0\u00a0\u00a0\u00a0\u00a0\u00a0\u00a0\u00a0\u00a0\u00a0\u00a0\u00a0\u00a0\u00a0\u00a0\u00a0\u00a0\u00a0\u00a0\u00a0\u00a0\u00a0\u00a0\u00a0\u00a0\u00a0\u00a0\u00a0\u00a0\u00a0\u00a0\u00a0\u00a0\u00a0\u00a0\u00a0\u00a0\u00a0\u00a0\u00a0\u00a0\u00a0\u00a0\u00a0\u00a0\u00a0\u00a0\u00a0\u00a0\u00a0\u00a0\u00a0\u00a0\u00a0\u00a0\u00a0\u00a0\u00a0\u00a0\u00a0\u00a0\u00a0\u00a0\u00a0\u00a0\u00a0\u00a0\u00a0\u00a0\u00a0\u00a0\u00a0\u00a0\u00a0\u00a0\u00a0\u00a0\u00a0\u00a0\u00a0\u00a0\u00a0\u00a0\u00a0\u00a0\u00a0\u00a0\u00a0\u00a0\u00a0\u00a0\u00a0\u00a0\u00a0\u00a0\u00a0\u00a0\u00a0\u00a0\u00a0\u00a0\u00a0\u00a0\u00a0\u00a0\u00a0\u00a0\u00a0\u00a0\u00a0\u00a0\u00a0\u00a0\u00a0\u00a0\u00a0\u00a0\u00a0\u00a0\u00a0\u00a0\u00a0\u00a0\u00a0\u00a0\u00a0\u00a0\u00a0\u00a0\u00a0\u00a0\u00a0\u00a0\u00a0\u00a0\u00a0\u00a0\u00a0\u00a0\u00a0\u00a0\u00a0\u00a0\u00a0\u00a0\u00a0\u00a0\u00a0\u00a0\u00a0\u00a0\u00a0\u00a0\u00a0\u00a0\u00a0\u00a0\u00a0\u00a0\u00a0\u00a0\u00a0\u00a0\u00a0\u00a0\u00a0\u00a0\u00a0\u00a0\u00a0\u00a0\u00a0\u00a0\u00a0\u00a0\u00a0\u00a0\u00a0\u00a0\u00a0\u00a0\u00a0\u00a0\u00a0\u00a0\u00a0\u00a0\u00a0\u00a0\u00a0\u00a0\u00a0\u00a0\u00a0\u00a0\u00a0\u00a0\u00a0\u00a0\u00a0\u00a0\u00a0\u00a0\u00a0\u00a0\u00a0\u00a0\u00a0\u00a0\u00a0\u00a0\u00a0\u00a0\u00a0\u00a0\u00a0\u00a0\u00a0\u00a0\u00a0\u00a0\u00a0\u00a0\u00a0\u00a0\u00a0\u00a0\u00a0\u00a0\u00a0\u00a0\u00a0\u00a0\u00a0\u00a0\u00a0\u00a0\u00a0\u00a0\u00a0\u00a0\u00a0\u00a0\u00a0\u00a0\u00a0\u00a0\u00a0\u00a0\u00a0\u00a0\u00a0\u00a0\u00a0\u00a0\u00a0\u00a0\u00a0\u00a0\u00a0\u00a0\u00a0\u00a0\u00a0\u00a0\u00a0\u00a0\u00a0\u00a0\u00a0\u00a0\u00a0\u00a0\u00a0\u00a0\u00a0\u00a0\u00a0\u00a0\u00a0\u00a0\u00a0\u00a0\u00a0\u00a0\u00a0\u00a0\u00a0\u00a0\u00a0\u00a0\u00a0\u00a0\u00a0\u00a0\u00a0\u00a0\u00a0\u00a0\u00a0\u00a0\u00a0\u00a0\u00a0\u00a0\u00a0\u00a0\u00a0\u00a0 <\/a>Telef\u00f3n: 034\/668 3110, 0905 579 940<br \/>\nMail: <a href=\"mailto:emauzy@stonline.sk\">emauzy@stonline.sk<\/a><br \/>\nSlu\u017eby: zariadenie n\u00fadzov\u00e9ho b\u00fdvania, z\u00e1kladn\u00e9 soci\u00e1lne poradenstvo, odhad rizika n\u00e1silia \u2013 bezpe\u010dnostn\u00e9 pl\u00e1ny, sprev\u00e1dzanie na in\u0161tit\u00facie, vypracovanie posudkov a\u00a0spr\u00e1v pre pol\u00edciu a\u00a0s\u00fady, poskytnutie \u0161atstva, potrav\u00edn, \u010distiacich prostriedkov, distribu\u010dno-soci\u00e1lne poradenstvo \u2013 snaha o\u00a0sprostredkovanie v\u0161etk\u00fdch \u010fal\u0161\u00edch slu\u017eieb<\/p>\n<p><em>\u00a0<\/em><\/p>\n<p><em>Ostatn\u00e9 zariadenia, ktor\u00e9 pon\u00fakaj\u00fa pomoc aj \u017een\u00e1m za\u017e\u00edvaj\u00facim n\u00e1silie a ich de\u0165om:<\/em><\/p>\n<p><strong>Z\u00e1ujmov\u00e9 zdru\u017eenie Rodina \u2013 Azylov\u00fd dom Tamara<\/strong><br \/>\nAdresa: Azylov\u00fd dom Tamara, Okru\u017en\u00e1 6496\/20, 917 01 Trnava<br \/>\nTelef\u00f3n: 033\/550 14 46, 0948 028 738<br \/>\nMail: <a href=\"mailto:azylovydom@gmail.com\">azylovydom@gmail.com<\/a><br \/>\nSlu\u017eby: zariadenie n\u00fadzov\u00e9ho b\u00fdvania, \u00fatulok, z\u00e1kladn\u00e9 a\u00a0\u0161peci\u00e1lne soci\u00e1lne poradenstvo, kr\u00edzov\u00e1 linka, kr\u00edzov\u00e1 intervencia, soci\u00e1lnopr\u00e1vne poradenstvo, sprev\u00e1dzanie na in\u0161tit\u00facie, vypracovanie spr\u00e1v a\u00a0posudkov, sprostredkovanie aj psychologick\u00e9 poradenstvo a\u00a0psychoterapia, podporn\u00e9 skupiny<\/p>\n<p><strong>Zariadenie n\u00fadzov\u00e9ho b\u00fdvania pre \u017eeny Jozef\u00ednium, Doln\u00e1 Krup\u00e1<\/strong><br \/>\nAdresa:\u00a0 N\u00e1mestie L. van Beethovena \u010d. 556\/9, 919 65 Doln\u00e1 Krup\u00e1<br \/>\nWeb:\u00a0<a href=\"http:\/\/www.jozefinium.sk\">www.jozefinium.sk<\/a><br \/>\nTelef\u00f3n: 033\/5577166, 0902 804 245<br \/>\nMail: <a href=\"mailto:jozefinum@gmail.com\">jozefinum@gmail.com<\/a><br \/>\nSlu\u017eby: zariadenie n\u00fadzov\u00e9ho b\u00fdvania, kr\u00edzov\u00e1 intervencia, odhad rizika n\u00e1silia, soci\u00e1lnopr\u00e1vne poradenstvo, psychologick\u00e9 poradenstvo, psychoterapia, sprev\u00e1dzanie na in\u0161tit\u00facie + slu\u017eby de\u0165om<\/p>\n<p><strong>Otvoren\u00e1 n\u00e1ru\u010d n. o., Pie\u0161\u0165any<\/strong><br \/>\nAdresa: Kuku\u010d\u00ednova 21, 921 01 Pie\u0161\u0165any<br \/>\nWeb: <a href=\"http:\/\/www.otvorenanaruc.sk\">www.otvorenanaruc.sk<\/a><br \/>\nTelef\u00f3n: 0907 456 978<br \/>\nMail: <a href=\"mailto:otvorenanaruc.no@centrum.sk\">otvorenanaruc.no@centrum.sk<\/a><br \/>\nSlu\u017eby: z\u00e1kladn\u00e9 a\u00a0\u0161pecializovan\u00e9 ambulantn\u00e9 poradenstvo, kr\u00edzov\u00e1 linka, soci\u00e1lnopr\u00e1vne a\u00a0psychologick\u00e9 poradenstvo, psychoterapia, skupinov\u00e1, rodinn\u00e1 terapia, ubytovanie (sprostredkovane), kr\u00edzov\u00e1 intervencia (sprostredkovane), zdravotn\u00e9 o\u0161etrenie (sprostredkovane), medi\u00e1cia (sprostredkovane)<\/p>\n<p><strong>\u0160t\u00edbor \u2013 Mestsk\u00e9 centrum soci\u00e1lnych slu\u017eieb, n.o., Skalica<\/strong><br \/>\nAdresa: N\u00e1dra\u017en\u00e1 33\/E, 909 01 Skalica<br \/>\nWeb: <a href=\"http:\/\/www.stiborsi.sk\/kontakt\">www.stiborsi.sk\/kontakt<\/a><br \/>\nTelef\u00f3n: 0917 346 962<br \/>\nMail: <a href=\"mailto:stepanovska@mesto.skalica.sk\">stepanovska@mesto.skalica.sk<\/a><br \/>\nSlu\u017eby: \u00fatulok, noc\u013eah\u00e1re\u0148, kr\u00edzov\u00e1 intervencia, odhad rizika n\u00e1silia, soci\u00e1lnopr\u00e1vne poradenstvo, sprev\u00e1dzanie na in\u0161tit\u00facie, vyh\u013ead\u00e1vacia \u010dinnos\u0165, p\u00edsanie spr\u00e1v a\u00a0posudkov, pomoc pri uplat\u0148ovan\u00ed pr\u00e1v a\u00a0pr\u00e1vom chr\u00e1nen\u00fdch z\u00e1ujmov, zdravotn\u00e9 o\u0161etrenie (sprostredkovane), psychologick\u00e9 poradenstvo (sprostredkovane), pr\u00e1vne zastupovanie (sprostredkovane), psychoterapia (sprostredkovane) + slu\u017eby de\u0165om<\/p>\n","protected":false},"excerpt":{"rendered":"<p>Odpor\u00fa\u010dan\u00e9 zariadenia: Kri\u017eovatky n. o. &#8211;\u00a0 Zariadenie n\u00fadzov\u00e9ho b\u00fdvania Emauzy, Hol\u00ed\u010d Adresa:\u00a0 J. \u010cabelku 3, 908 51 Hol\u00ed\u010d Web:\u00a0www.krizovatky.eu\/azylovy-dom-emauzy\u00a0\u00a0\u00a0\u00a0\u00a0\u00a0\u00a0\u00a0\u00a0\u00a0\u00a0\u00a0\u00a0\u00a0\u00a0\u00a0\u00a0\u00a0\u00a0\u00a0\u00a0\u00a0\u00a0\u00a0\u00a0\u00a0\u00a0\u00a0\u00a0\u00a0\u00a0\u00a0\u00a0\u00a0\u00a0\u00a0\u00a0\u00a0\u00a0\u00a0\u00a0\u00a0\u00a0\u00a0\u00a0\u00a0\u00a0\u00a0\u00a0\u00a0\u00a0\u00a0\u00a0\u00a0\u00a0\u00a0\u00a0\u00a0\u00a0\u00a0\u00a0\u00a0\u00a0\u00a0\u00a0\u00a0\u00a0\u00a0\u00a0\u00a0\u00a0\u00a0\u00a0\u00a0\u00a0\u00a0\u00a0\u00a0\u00a0\u00a0\u00a0\u00a0\u00a0\u00a0\u00a0\u00a0\u00a0\u00a0\u00a0\u00a0\u00a0\u00a0\u00a0\u00a0\u00a0\u00a0\u00a0\u00a0\u00a0\u00a0\u00a0\u00a0\u00a0\u00a0\u00a0\u00a0\u00a0\u00a0\u00a0\u00a0\u00a0\u00a0\u00a0\u00a0\u00a0\u00a0\u00a0\u00a0\u00a0\u00a0\u00a0\u00a0\u00a0\u00a0\u00a0\u00a0\u00a0\u00a0\u00a0\u00a0\u00a0\u00a0\u00a0\u00a0\u00a0\u00a0\u00a0\u00a0\u00a0\u00a0\u00a0\u00a0\u00a0\u00a0\u00a0\u00a0\u00a0\u00a0\u00a0\u00a0\u00a0\u00a0\u00a0\u00a0\u00a0\u00a0\u00a0\u00a0\u00a0\u00a0\u00a0\u00a0\u00a0\u00a0\u00a0\u00a0\u00a0\u00a0\u00a0\u00a0\u00a0\u00a0\u00a0\u00a0\u00a0\u00a0\u00a0\u00a0\u00a0\u00a0\u00a0\u00a0\u00a0\u00a0\u00a0\u00a0\u00a0\u00a0\u00a0\u00a0\u00a0\u00a0\u00a0\u00a0\u00a0\u00a0\u00a0\u00a0\u00a0\u00a0\u00a0\u00a0\u00a0\u00a0\u00a0\u00a0\u00a0\u00a0\u00a0\u00a0\u00a0\u00a0\u00a0\u00a0\u00a0\u00a0\u00a0\u00a0\u00a0\u00a0\u00a0\u00a0\u00a0\u00a0\u00a0\u00a0\u00a0\u00a0\u00a0\u00a0\u00a0\u00a0\u00a0\u00a0\u00a0\u00a0\u00a0\u00a0\u00a0\u00a0\u00a0\u00a0\u00a0\u00a0\u00a0\u00a0\u00a0\u00a0\u00a0\u00a0\u00a0\u00a0\u00a0\u00a0\u00a0\u00a0\u00a0\u00a0\u00a0\u00a0\u00a0\u00a0\u00a0\u00a0\u00a0\u00a0\u00a0\u00a0\u00a0\u00a0\u00a0\u00a0\u00a0\u00a0\u00a0\u00a0\u00a0\u00a0\u00a0\u00a0\u00a0\u00a0\u00a0\u00a0\u00a0\u00a0\u00a0\u00a0\u00a0\u00a0\u00a0\u00a0\u00a0\u00a0\u00a0\u00a0\u00a0\u00a0\u00a0\u00a0\u00a0\u00a0\u00a0\u00a0\u00a0\u00a0\u00a0\u00a0\u00a0\u00a0\u00a0\u00a0\u00a0\u00a0\u00a0\u00a0\u00a0\u00a0\u00a0\u00a0\u00a0\u00a0\u00a0\u00a0\u00a0\u00a0\u00a0\u00a0\u00a0\u00a0\u00a0\u00a0\u00a0\u00a0\u00a0\u00a0\u00a0\u00a0\u00a0\u00a0\u00a0\u00a0\u00a0\u00a0\u00a0\u00a0\u00a0\u00a0\u00a0\u00a0\u00a0\u00a0\u00a0\u00a0\u00a0\u00a0\u00a0\u00a0\u00a0\u00a0\u00a0\u00a0\u00a0\u00a0\u00a0\u00a0\u00a0\u00a0\u00a0\u00a0\u00a0\u00a0\u00a0\u00a0\u00a0\u00a0\u00a0\u00a0\u00a0\u00a0\u00a0\u00a0\u00a0\u00a0\u00a0\u00a0\u00a0 Telef\u00f3n: 034\/668 3110, 0905 579 940 Mail: emauzy@stonline.sk Slu\u017eby: zariadenie n\u00fadzov\u00e9ho b\u00fdvania, z\u00e1kladn\u00e9 soci\u00e1lne poradenstvo, odhad rizika n\u00e1silia \u2013 bezpe\u010dnostn\u00e9 pl\u00e1ny, sprev\u00e1dzanie na in\u0161tit\u00facie, vypracovanie posudkov a\u00a0spr\u00e1v pre pol\u00edciu a\u00a0s\u00fady, poskytnutie \u0161atstva, potrav\u00edn, \u010distiacich prostriedkov, distribu\u010dno-soci\u00e1lne &hellip; <\/p>\n<p><a class=\"more-link block-button\" href=\"https:\/\/www.gender.gov.sk\/zastavmenasilie\/organizacie\/trnavsky-vuc\/\">\u010c\u00edta\u0165 viac &raquo;<\/a><\/p>\n","protected":false},"author":2,"featured_media":0,"parent":273,"menu_order":2,"comment_status":"closed","ping_status":"closed","template":"","meta":[],"_links":{"self":[{"href":"https:\/\/www.gender.gov.sk\/zastavmenasilie\/wp-json\/wp\/v2\/pages\/79"}],"collection":[{"href":"https:\/\/www.gender.gov.sk\/zastavmenasilie\/wp-json\/wp\/v2\/pages"}],"about":[{"href":"https:\/\/www.gender.gov.sk\/zastavmenasilie\/wp-json\/wp\/v2\/types\/page"}],"author":[{"embeddable":true,"href":"https:\/\/www.gender.gov.sk\/zastavmenasilie\/wp-json\/wp\/v2\/users\/2"}],"replies":[{"embeddable":true,"href":"https:\/\/www.gender.gov.sk\/zastavmenasilie\/wp-json\/wp\/v2\/comments?post=79"}],"version-history":[{"count":9,"href":"https:\/\/www.gender.gov.sk\/zastavmenasilie\/wp-json\/wp\/v2\/pages\/79\/revisions"}],"predecessor-version":[{"id":1670,"href":"https:\/\/www.gender.gov.sk\/zastavmenasilie\/wp-json\/wp\/v2\/pages\/79\/revisions\/1670"}],"up":[{"embeddable":true,"href":"https:\/\/www.gender.gov.sk\/zastavmenasilie\/wp-json\/wp\/v2\/pages\/273"}],"wp:attachment":[{"href":"https:\/\/www.gender.gov.sk\/zastavmenasilie\/wp-json\/wp\/v2\/media?parent=79"}],"curies":[{"name":"wp","href":"https:\/\/api.w.org\/{rel}","templated":true}]}}