{"id":83,"date":"2013-05-29T19:27:21","date_gmt":"2013-05-29T19:27:21","guid":{"rendered":"http:\/\/www.gender.gov.sk\/zastavmenasilie\/?page_id=83"},"modified":"2017-03-22T16:11:06","modified_gmt":"2017-03-22T16:11:06","slug":"trenciansky-vuc","status":"publish","type":"page","link":"https:\/\/www.gender.gov.sk\/zastavmenasilie\/organizacie\/trenciansky-vuc\/","title":{"rendered":"Tren\u010diansky V\u00daC"},"content":{"rendered":"<p><em>Odpor\u00fa\u010dan\u00e9 zariadenia:<\/em><\/p>\n<p><strong>Slovensk\u00e9 kr\u00edzov\u00e9 centrum Dotyk Beckov<\/strong><br \/>\nAdresa: Beckov 87, 916 38 Beckov<br \/>\nWeb: <a href=\"http:\/\/www.dotyk.sk\">www.dotyk.sk<br \/>\n<\/a>Telef\u00f3n: 0903 704 784<br \/>\nMail: <a href=\"mailto:dotyk@dotyk.sk\">dotyk@dotyk.sk<\/a><br \/>\nSlu\u017eby: zariadenie n\u00fadzov\u00e9ho b\u00fdvania, bezpe\u010dn\u00fd \u017eensk\u00fd dom, byty s\u00a0utajovanou adresou, z\u00e1kladn\u00e9 a\u00a0\u0161pecializovan\u00e9 soci\u00e1lne poradenstvo, n\u00edzkoprahov\u00e9 denn\u00e9 centrum, kr\u00edzov\u00e1 linka, kr\u00edzov\u00e1 intervencia, odhad rizika n\u00e1silia, zdravotn\u00e9 o\u0161etrenie (sprostredkovane), soci\u00e1lnopr\u00e1vne poradenstvo, psychologick\u00e9 poradenstvo, advok\u00e1tske zastupovanie, psychoterapia, skupinov\u00e1 terapia, medi\u00e1cia (sprostredkovane), sprev\u00e1dzanie na in\u0161tit\u00facie, prepravn\u00e1 \u010dinnos\u0165, vyh\u013ead\u00e1vacia \u010dinnos\u0165, vypracovanie spr\u00e1v, posudkov, ochrana vlastnou bezpe\u010dnostnou slu\u017ebou + slu\u017eby de\u0165om<\/p>\n<p>&nbsp;<\/p>\n<p><em><span style=\"color: #000000\">Ostatn\u00e9 zariadenia, ktor\u00e9 pon\u00fakaj\u00fa pomoc aj \u017een\u00e1m za\u017e\u00edvaj\u00facim n\u00e1silie a ich de\u0165om:<\/span><\/em><\/p>\n<p><strong>Orchidea n.o., Prievidza<\/strong><br \/>\nAdresa: Necpalsk\u00e1 cesta 32, 971 01 Prievidza<br \/>\nWeb: <a href=\"http:\/\/www.orchideask.sk\">www.orchideask.sk<\/a><br \/>\nTelef\u00f3n: 0911 208 126, 0911 208 129<br \/>\nMail: <a href=\"mailto:orchideabosany@stonline.sk\">orchideabosany@stonline.sk<\/a><br \/>\nSlu\u017eby: zariadenie n\u00fadzov\u00e9ho b\u00fdvania, kr\u00edzov\u00e9 centrum, z\u00e1kladn\u00e9 soci\u00e1lne poradenstvo, poradensk\u00e9 centrum, realiz\u00e1cia pobytov\u00fdch programov a\u00a0ter\u00e9nnej soci\u00e1lnej pr\u00e1ce, kr\u00edzov\u00e1 intervencia, odhad rizika n\u00e1silia, soci\u00e1lnopr\u00e1vne poradenstvo, psychologick\u00e9 poradenstvo, psychoterapia, skupinov\u00e1 terapia, rodinn\u00e1 terapia (sprostredkovane), medi\u00e1cia, vypracovanie spr\u00e1v a\u00a0posudkov<\/p>\n<p><strong>Jazm\u00edn\u00a0 n.o., Handlov\u00e1<\/strong><br \/>\nAdresa: F. N\u00e1da\u017edyho 4, 972 51 Handlov\u00e1<br \/>\nWeb: <a href=\"http:\/\/www.jazminhandlova.sk\">www.jazminhandlova.sk<\/a><\/p>\n<p>Telef\u00f3n: 0905 342 880<br \/>\nMail: <a href=\"mailto:jazmin.mrazova@stonline.sk\">jazmin.mrazova@stonline.sk<\/a><br \/>\nSlu\u017eby: zariadenie n\u00fadzov\u00e9ho b\u00fdvania, \u00fatulok, kr\u00edzov\u00e1 intervencia, odhad rizika n\u00e1silia, soci\u00e1lnopr\u00e1vne poradenstvo, prev\u00e1dzanie na in\u0161tit\u00facie, zdravotn\u00e9 o\u0161etrenie (sprostredkovane), psychologick\u00e9 poradenstvo, psychoterapia, advok\u00e1tske zastupovanie, vypracovanie spr\u00e1v a\u00a0posudkov + slu\u017eby pre deti<\/p>\n<p><strong>Kr\u00edzov\u00e9 centrum \u010cakanka Pova\u017esk\u00e1\u00a0 Bystrica<\/strong><br \/>\nAdresa: SNP 4489\/155, 017 07 Pova\u017esk\u00e1 Bystrica<br \/>\nTelef\u00f3n: 042\/4361006<br \/>\nMail: <a href=\"mailto:Kcentrum@povazska-bystrica.sk\">Kcentrum@povazska-bystrica.sk<\/a><br \/>\nSlu\u017eby: zariadenie n\u00fadzov\u00e9ho b\u00fdvania, kr\u00edzov\u00e1 linka, kr\u00edzov\u00e1 intervencia, odhad rizika n\u00e1silia, soci\u00e1lnopr\u00e1vne poradenstvo, psychologick\u00e9 poradenstvo, advok\u00e1tske zastupovanie, psychoterapia, skupinov\u00e1 terapia, sprev\u00e1dzanie na in\u0161tit\u00facie, vypracovanie spr\u00e1v a\u00a0posudkov + slu\u017eby de\u0165om<\/p>\n<p><strong>Porad\u0148a PON \u2013 Pomoc obetiam n\u00e1silia Tren\u010d\u00edn<\/strong><br \/>\nAdresa:\u00a0Ul. K. Pribinu 24, 911 01 Tren\u010d\u00edn<br \/>\nWeb: <a href=\"http:\/\/www.pomocobetiam.sk\">www.pomocobetiam.sk<\/a><br \/>\nTelef\u00f3n: 032\/321\u00a0999 1, 0907 409 425<br \/>\nMail: <a href=\"mailto:trencin@pomocobetiam.sk\">trencin@pomocobetiam.sk<\/a><br \/>\nSlu\u017eby: kr\u00edzov\u00e1 intervencia, odhad rizika n\u00e1silia, soci\u00e1lnopr\u00e1vne poradenstvo, psychologick\u00e9 poradenstvo, psychoterapia, skupinov\u00e1 terapia, sprev\u00e1dzanie na in\u0161tit\u00facie, vyh\u013ead\u00e1vacia \u010dinnos\u0165, vypracovanie spr\u00e1v, posudkov, sprostredkovate\u013esk\u00e9 slu\u017eby, advok\u00e1tske zastupovanie, rodinn\u00e1 terapia, medi\u00e1cia, prepravn\u00e1 \u010dinnos\u0165, vyh\u013ead\u00e1vacia \u010dinnos\u0165, pr\u00e1ca s\u00a0n\u00e1siln\u00edkom, jeho terapia, vypracovanie spr\u00e1v, posudkov<\/p>\n<p><strong>\u00datulok mesta Partiz\u00e1nske O\u00c1ZA<\/strong><br \/>\nAdresa: Ul. R. Ja\u0161\u00edka 160, 958 01 Partiz\u00e1nske<br \/>\nTelef\u00f3n: 038\/ 7495794, 0918 788 911<br \/>\nMail: <a href=\"mailto:utulok@skylan.sk\">utulok@skylan.sk<\/a><br \/>\nSlu\u017eby: zariadenie n\u00fadzov\u00e9ho b\u00fdvania, \u00fatulok, stredisko osobnej hygieny, soci\u00e1lnopr\u00e1vne poradenstvo, prev\u00e1dzanie na in\u0161tit\u00facie, vyh\u013ead\u00e1vacia \u010dinnos\u0165, sprostredkovanie aj kr\u00edzov\u00e1 linka a\u00a0intervencia, zdravotn\u00e9 o\u0161etrenie, psychologick\u00e9 poradenstvo a\u00a0psychoterapia<\/p>\n<p><strong>Psychologicko-pr\u00e1vne centrum pomoci, o.z. Bo\u0161any<\/strong><br \/>\nAdresa: \u0160kult\u00e9tyho 246, Bo\u0161any<br \/>\nWeb: <a href=\"http:\/\/www.ppcp.sk\">www.ppcp.sk<\/a><br \/>\nTelef\u00f3n: 0903 726 369, 0905 402 456<br \/>\nSlu\u017eby: z\u00e1kladn\u00e9 soci\u00e1lne poradenstvo, kr\u00edzov\u00e1 intervencia, odhad rizika n\u00e1silia, soci\u00e1lnopr\u00e1vne poradenstvo, psychologick\u00e9 poradenstvo, psychoterapia \u2013 individu\u00e1lna, skupinov\u00e1, rodinn\u00e1 terapia, vypracovanie spr\u00e1v, posudkov<\/p>\n","protected":false},"excerpt":{"rendered":"<p>Odpor\u00fa\u010dan\u00e9 zariadenia: Slovensk\u00e9 kr\u00edzov\u00e9 centrum Dotyk Beckov Adresa: Beckov 87, 916 38 Beckov Web: www.dotyk.sk Telef\u00f3n: 0903 704 784 Mail: dotyk@dotyk.sk Slu\u017eby: zariadenie n\u00fadzov\u00e9ho b\u00fdvania, bezpe\u010dn\u00fd \u017eensk\u00fd dom, byty s\u00a0utajovanou adresou, z\u00e1kladn\u00e9 a\u00a0\u0161pecializovan\u00e9 soci\u00e1lne poradenstvo, n\u00edzkoprahov\u00e9 denn\u00e9 centrum, kr\u00edzov\u00e1 linka, kr\u00edzov\u00e1 intervencia, odhad rizika n\u00e1silia, zdravotn\u00e9 o\u0161etrenie (sprostredkovane), soci\u00e1lnopr\u00e1vne poradenstvo, psychologick\u00e9 poradenstvo, advok\u00e1tske zastupovanie, psychoterapia, &hellip; <\/p>\n<p><a class=\"more-link block-button\" href=\"https:\/\/www.gender.gov.sk\/zastavmenasilie\/organizacie\/trenciansky-vuc\/\">\u010c\u00edta\u0165 viac &raquo;<\/a><\/p>\n","protected":false},"author":2,"featured_media":0,"parent":273,"menu_order":3,"comment_status":"closed","ping_status":"closed","template":"","meta":[],"_links":{"self":[{"href":"https:\/\/www.gender.gov.sk\/zastavmenasilie\/wp-json\/wp\/v2\/pages\/83"}],"collection":[{"href":"https:\/\/www.gender.gov.sk\/zastavmenasilie\/wp-json\/wp\/v2\/pages"}],"about":[{"href":"https:\/\/www.gender.gov.sk\/zastavmenasilie\/wp-json\/wp\/v2\/types\/page"}],"author":[{"embeddable":true,"href":"https:\/\/www.gender.gov.sk\/zastavmenasilie\/wp-json\/wp\/v2\/users\/2"}],"replies":[{"embeddable":true,"href":"https:\/\/www.gender.gov.sk\/zastavmenasilie\/wp-json\/wp\/v2\/comments?post=83"}],"version-history":[{"count":12,"href":"https:\/\/www.gender.gov.sk\/zastavmenasilie\/wp-json\/wp\/v2\/pages\/83\/revisions"}],"predecessor-version":[{"id":1674,"href":"https:\/\/www.gender.gov.sk\/zastavmenasilie\/wp-json\/wp\/v2\/pages\/83\/revisions\/1674"}],"up":[{"embeddable":true,"href":"https:\/\/www.gender.gov.sk\/zastavmenasilie\/wp-json\/wp\/v2\/pages\/273"}],"wp:attachment":[{"href":"https:\/\/www.gender.gov.sk\/zastavmenasilie\/wp-json\/wp\/v2\/media?parent=83"}],"curies":[{"name":"wp","href":"https:\/\/api.w.org\/{rel}","templated":true}]}}