{"id":89,"date":"2013-05-29T19:30:36","date_gmt":"2013-05-29T19:30:36","guid":{"rendered":"http:\/\/www.gender.gov.sk\/zastavmenasilie\/?page_id=89"},"modified":"2017-03-23T10:37:19","modified_gmt":"2017-03-23T10:37:19","slug":"banskobystricky-vuc","status":"publish","type":"page","link":"https:\/\/www.gender.gov.sk\/zastavmenasilie\/organizacie\/banskobystricky-vuc\/","title":{"rendered":"Banskobystrick\u00fd V\u00daC"},"content":{"rendered":"<p><em>Odpor\u00fa\u010dan\u00e9 zariadenia:<\/em><\/p>\n<p><strong>Kr\u00edzov\u00e9 centrum SOS, n.o.<\/strong><br \/>\nAdresa: \u0160kolsk\u00e1 \u010d. 7, 979 01 Rimavsk\u00e1 Sobota<br \/>\nWeb: <a href=\"http:\/\/rimavskasobota.virtualne.sk\/krizove-centrum-sos.html\">http:\/\/rimavskasobota.virtualne.sk\/krizove-centrum-sos.html<\/a><br \/>\nTelef\u00f3n: 047\/ 5811 930<br \/>\nMail:\u00a0 <a href=\"mailto:skola@szsrs.edu.sk\">skola@szsrs.edu.sk<\/a><br \/>\nSlu\u017eby: zariadenie n\u00fadzov\u00e9ho b\u00fdvania, \u00fatulok, odborn\u00e1 a\u00a0pr\u00e1vna pomoc klientkam<\/p>\n<p><strong>Porad\u0148a obetiam n\u00e1silia Bansk\u00e1 Bystrica<\/strong><br \/>\nAdresa: \u010cSA 25, 974 01 Bansk\u00e1 Bystrica<br \/>\nWeb: <a href=\"http:\/\/www.pomocobetiam.sk\/index.htm\">www.pomocobetiam.sk\/index.htm<\/a><br \/>\nTelef\u00f3n: 0944 254\u00a0406, 048\/321 9991<br \/>\nMail: <a href=\"mailto:bystrica@pomocobetiam.sk\">bystrica@pomocobetiam.sk<\/a><br \/>\nSlu\u017eby: bezplatn\u00e1 a diskr\u00e9tna pomoc obetiam trestn\u00fdch \u010dinov, dom\u00e1ceho n\u00e1silia, dopravn\u00fdch neh\u00f4d, katastrof, ne\u0161\u0165astn\u00fdch udalost\u00ed a teroristick\u00fdch \u00fatokov<\/p>\n<p>&nbsp;<\/p>\n<p><em>Ostatn\u00e9 zariadenia, ktor\u00e9 pon\u00fakaj\u00fa pomoc aj \u017een\u00e1m za\u017e\u00edvaj\u00facim n\u00e1silie a ich de\u0165om:<\/em><br \/>\n<strong>Dom sv\u00e4tej Al\u017ebety, kr\u00edzov\u00e9 stredisko pre deti a\u00a0osamel\u00fdch rodi\u010dov, n.o.<\/strong><\/p>\n<p>Adresa: Ul. 9. M\u00e1ja 74, 974 01 Bansk\u00e1 Bystrica<br \/>\nWeb: <a href=\"http:\/\/www.dsaksbb.sk\">www.dsaksbb.sk<\/a><br \/>\nFacebook: <a href=\"https:\/\/www.facebook.com\/DSAKSBB\">https:\/\/www.facebook.com\/DSAKSBB<\/a><br \/>\nTelef\u00f3n:\u00a0048\/414 4431<br \/>\nMail: <a href=\"mailto:michalikovalubica@dsaksbb.sk\">michalikovalubica@dsaksbb.sk<\/a><br \/>\nSlu\u017eby: zariadenie n\u00fadzov\u00e9ho b\u00fdvania, zariadenie do\u010dasnej starostlivosti o\u00a0deti, kr\u00edzov\u00e9 stredisko, soci\u00e1lnopr\u00e1vne a\u00a0psychologick\u00e9 poradenstvo, individu\u00e1lna psychoterapia s\u00a0skupinov\u00e1 terapia, sprev\u00e1dzanie na in\u0161tit\u00facie, vyh\u013ead\u00e1vacia \u010dinnos\u0165, vypracov\u00e1vanie spr\u00e1v a posudkov<\/p>\n<p><strong>Za d\u00f4stojn\u00fd \u017eivot<\/strong><br \/>\nAdresa: Vajansk\u00e9ho 71, 984 01 Lu\u010denec<br \/>\nWeb: <a href=\"http:\/\/www.dostojnyzivot.sk\">www.dostojnyzivot.sk<\/a><br \/>\nFacebook:\u00a0<a href=\"https:\/\/goo.gl\/CrXLbq\">https:\/\/goo.gl\/CrXLbq<\/a><br \/>\nTelef\u00f3n: 047\/43 22\u00a0384<br \/>\nMail: <a href=\"mailto:ozdostojnyzivot@gmail.com\">ozdostojnyzivot@gmail.com<\/a><br \/>\nSlu\u017eby: \u00fatulok, zariadenie n\u00fadzov\u00e9ho b\u00fdvania, kr\u00edzov\u00e9 stredisko, detsk\u00fd domov, chr\u00e1nen\u00e1 diel\u0148a, kr\u00edzov\u00e1 intervencia, odhad rizika n\u00e1silia, soci\u00e1lnopr\u00e1vne a\u00a0psychologick\u00e9 poradenstvo, individu\u00e1lna psychoterapia, sprev\u00e1dzanie na in\u0161tit\u00facie, prepravn\u00e1 \u010dinnos\u0165, vypracovanie posudkov, advok\u00e1tske zastupovanie (sprostredkovane)<\/p>\n<p><strong>Mesto Brezno, Zariadenie n\u00fadzov\u00e9ho b\u00fdvania N\u00e1ru\u010d<\/strong><br \/>\nAdresa: Ulica Bo\u017eeny Nemcovej 25, 977 01 Brezno<\/p>\n<p>Telef\u00f3n: 048\/630 6240, 048\/618 7409<br \/>\nMail: <a href=\"mailto:anna.vraniakova@brezno.sk\">anna.vraniakova@brezno.sk<\/a>, <a href=\"mailto:znb@brnet.sk\">znb@brnet.sk<\/a><br \/>\nSlu\u017eby:\u00a0zariadenie n\u00fadzov\u00e9ho b\u00fdvania, soci\u00e1lnopr\u00e1vne a\u00a0psychologick\u00e9 poradenstvo, sprev\u00e1dzanie na in\u0161tit\u00facie, prepravn\u00e1 \u010dinnos\u0165, vyh\u013ead\u00e1vacia \u010dinnos\u0165, vypracovanie spr\u00e1v a\u00a0posudkov, \u00fadr\u017eba \u0161atstva, z\u00e1ujmov\u00e1 \u010dinnos\u0165<\/p>\n<p><strong>Mesto Bansk\u00e1 Bystrica, Zariadenie n\u00fadzov\u00e9ho b\u00fdvania Kotva<\/strong><br \/>\nAdresa: Mi\u010dinsk\u00e1 cesta 19, 974 01 Bansk\u00e1 Bystrica<br \/>\nTelef\u00f3n:\u00a00918 505 257<br \/>\nMail: <a href=\"mailto:milena.makova@banskabystrica.sk\">milena.makova@banskabystrica.sk<\/a> , <a href=\"mailto:znb.kotva@banskabystrica.sk\">znb.kotva@banskabystrica.sk<\/a><br \/>\nSlu\u017eby:\u00a0zariadenie n\u00fadzov\u00e9ho b\u00fdvania, kr\u00edzov\u00e1 intervencia, soci\u00e1lnopr\u00e1vne poradenstvo, sprev\u00e1dzanie na in\u0161tit\u00facie, vypracovanie spr\u00e1v, sprostredkovanie ostatn\u00fdch slu\u017eieb<\/p>\n<p><strong>Kr\u00edzov\u00e9 stredisko AMORET<\/strong><br \/>\nAdresa: \u017delezni\u010dn\u00e1 \u010d. 17, 984 01 Lu\u010denec\u00a0\u00a0\u00a0\u00a0\u00a0\u00a0\u00a0\u00a0\u00a0\u00a0\u00a0\u00a0\u00a0\u00a0\u00a0\u00a0\u00a0\u00a0\u00a0\u00a0\u00a0\u00a0\u00a0\u00a0\u00a0\u00a0\u00a0\u00a0\u00a0\u00a0\u00a0\u00a0\u00a0\u00a0\u00a0\u00a0\u00a0\u00a0\u00a0\u00a0\u00a0\u00a0\u00a0\u00a0\u00a0\u00a0\u00a0\u00a0\u00a0\u00a0\u00a0\u00a0\u00a0\u00a0\u00a0\u00a0\u00a0\u00a0\u00a0\u00a0\u00a0\u00a0\u00a0\u00a0\u00a0\u00a0\u00a0\u00a0\u00a0\u00a0\u00a0\u00a0\u00a0\u00a0\u00a0\u00a0\u00a0\u00a0\u00a0\u00a0\u00a0\u00a0\u00a0\u00a0\u00a0\u00a0\u00a0\u00a0\u00a0\u00a0\u00a0\u00a0\u00a0\u00a0\u00a0\u00a0\u00a0\u00a0\u00a0\u00a0\u00a0\u00a0\u00a0\u00a0\u00a0\u00a0\u00a0\u00a0\u00a0\u00a0\u00a0\u00a0\u00a0\u00a0\u00a0\u00a0\u00a0\u00a0\u00a0\u00a0\u00a0\u00a0\u00a0\u00a0\u00a0\u00a0\u00a0\u00a0\u00a0\u00a0\u00a0\u00a0\u00a0\u00a0\u00a0\u00a0\u00a0\u00a0\u00a0\u00a0\u00a0\u00a0\u00a0\u00a0\u00a0\u00a0\u00a0\u00a0\u00a0\u00a0\u00a0\u00a0\u00a0\u00a0\u00a0\u00a0\u00a0\u00a0\u00a0\u00a0\u00a0\u00a0\u00a0\u00a0\u00a0\u00a0\u00a0\u00a0\u00a0\u00a0\u00a0\u00a0\u00a0\u00a0\u00a0\u00a0\u00a0\u00a0\u00a0\u00a0\u00a0\u00a0\u00a0\u00a0\u00a0\u00a0\u00a0\u00a0\u00a0\u00a0\u00a0\u00a0\u00a0\u00a0\u00a0\u00a0\u00a0\u00a0\u00a0\u00a0\u00a0\u00a0\u00a0\u00a0\u00a0\u00a0\u00a0\u00a0\u00a0\u00a0\u00a0\u00a0\u00a0\u00a0\u00a0\u00a0\u00a0\u00a0\u00a0\u00a0\u00a0\u00a0\u00a0\u00a0\u00a0\u00a0\u00a0\u00a0\u00a0\u00a0\u00a0\u00a0\u00a0\u00a0\u00a0\u00a0\u00a0\u00a0\u00a0\u00a0\u00a0\u00a0\u00a0\u00a0\u00a0\u00a0\u00a0\u00a0\u00a0\u00a0\u00a0\u00a0\u00a0\u00a0\u00a0\u00a0\u00a0\u00a0\u00a0\u00a0\u00a0\u00a0\u00a0\u00a0\u00a0\u00a0\u00a0\u00a0\u00a0\u00a0\u00a0\u00a0\u00a0\u00a0\u00a0\u00a0\u00a0\u00a0\u00a0\u00a0\u00a0\u00a0\u00a0\u00a0\u00a0\u00a0\u00a0\u00a0\u00a0\u00a0\u00a0\u00a0\u00a0\u00a0\u00a0\u00a0\u00a0\u00a0\u00a0\u00a0\u00a0\u00a0\u00a0\u00a0\u00a0\u00a0\u00a0\u00a0\u00a0\u00a0\u00a0\u00a0\u00a0\u00a0\u00a0\u00a0\u00a0\u00a0\u00a0\u00a0\u00a0\u00a0\u00a0\u00a0\u00a0\u00a0\u00a0\u00a0\u00a0\u00a0\u00a0\u00a0\u00a0\u00a0\u00a0\u00a0\u00a0\u00a0\u00a0\u00a0\u00a0\u00a0\u00a0\u00a0\u00a0\u00a0\u00a0\u00a0\u00a0\u00a0\u00a0\u00a0\u00a0\u00a0\u00a0\u00a0\u00a0\u00a0\u00a0\u00a0\u00a0\u00a0\u00a0\u00a0\u00a0\u00a0\u00a0\u00a0\u00a0\u00a0\u00a0\u00a0\u00a0\u00a0\u00a0\u00a0\u00a0\u00a0\u00a0\u00a0\u00a0\u00a0\u00a0\u00a0\u00a0\u00a0\u00a0\u00a0\u00a0\u00a0\u00a0\u00a0\u00a0\u00a0\u00a0\u00a0\u00a0\u00a0\u00a0\u00a0\u00a0\u00a0\u00a0\u00a0\u00a0\u00a0 Web: <a href=\"http:\/\/www.ks.amoret.sk\/\">www.ks.amoret.sk\u00a0\u00a0\u00a0\u00a0\u00a0\u00a0\u00a0\u00a0\u00a0\u00a0\u00a0\u00a0\u00a0\u00a0\u00a0\u00a0\u00a0\u00a0\u00a0\u00a0\u00a0\u00a0\u00a0\u00a0\u00a0\u00a0\u00a0\u00a0\u00a0\u00a0\u00a0\u00a0\u00a0\u00a0\u00a0\u00a0\u00a0\u00a0\u00a0\u00a0\u00a0\u00a0\u00a0\u00a0\u00a0\u00a0\u00a0\u00a0\u00a0\u00a0\u00a0\u00a0\u00a0\u00a0\u00a0\u00a0\u00a0\u00a0\u00a0\u00a0\u00a0\u00a0\u00a0\u00a0\u00a0\u00a0\u00a0\u00a0\u00a0\u00a0\u00a0\u00a0\u00a0\u00a0\u00a0\u00a0\u00a0\u00a0\u00a0\u00a0\u00a0\u00a0\u00a0\u00a0\u00a0\u00a0\u00a0\u00a0\u00a0\u00a0\u00a0\u00a0\u00a0\u00a0\u00a0\u00a0\u00a0\u00a0\u00a0\u00a0\u00a0\u00a0\u00a0\u00a0\u00a0\u00a0\u00a0\u00a0\u00a0\u00a0\u00a0\u00a0\u00a0\u00a0\u00a0\u00a0\u00a0\u00a0\u00a0\u00a0\u00a0\u00a0\u00a0\u00a0\u00a0\u00a0\u00a0\u00a0\u00a0\u00a0\u00a0\u00a0\u00a0\u00a0\u00a0\u00a0\u00a0\u00a0\u00a0\u00a0\u00a0\u00a0\u00a0\u00a0\u00a0\u00a0\u00a0\u00a0\u00a0\u00a0\u00a0\u00a0\u00a0\u00a0\u00a0\u00a0\u00a0\u00a0\u00a0\u00a0\u00a0\u00a0\u00a0\u00a0\u00a0\u00a0\u00a0\u00a0\u00a0\u00a0\u00a0\u00a0\u00a0\u00a0\u00a0\u00a0\u00a0\u00a0\u00a0\u00a0\u00a0\u00a0\u00a0\u00a0\u00a0\u00a0\u00a0\u00a0\u00a0\u00a0\u00a0\u00a0\u00a0\u00a0\u00a0\u00a0\u00a0\u00a0\u00a0\u00a0\u00a0\u00a0\u00a0\u00a0\u00a0\u00a0\u00a0\u00a0\u00a0\u00a0\u00a0\u00a0\u00a0\u00a0\u00a0\u00a0\u00a0\u00a0\u00a0\u00a0\u00a0\u00a0\u00a0\u00a0\u00a0\u00a0\u00a0\u00a0\u00a0\u00a0\u00a0\u00a0\u00a0\u00a0\u00a0\u00a0\u00a0\u00a0\u00a0\u00a0\u00a0\u00a0\u00a0\u00a0\u00a0\u00a0\u00a0\u00a0\u00a0\u00a0\u00a0\u00a0\u00a0\u00a0\u00a0\u00a0\u00a0\u00a0\u00a0\u00a0\u00a0\u00a0\u00a0\u00a0\u00a0\u00a0\u00a0\u00a0\u00a0\u00a0\u00a0\u00a0\u00a0\u00a0\u00a0\u00a0\u00a0\u00a0\u00a0\u00a0\u00a0\u00a0\u00a0\u00a0\u00a0\u00a0\u00a0\u00a0\u00a0\u00a0\u00a0\u00a0\u00a0\u00a0\u00a0\u00a0\u00a0\u00a0\u00a0\u00a0\u00a0\u00a0\u00a0\u00a0\u00a0\u00a0\u00a0\u00a0\u00a0\u00a0\u00a0\u00a0\u00a0\u00a0\u00a0\u00a0\u00a0\u00a0\u00a0\u00a0\u00a0\u00a0\u00a0\u00a0\u00a0\u00a0\u00a0\u00a0\u00a0\u00a0\u00a0\u00a0\u00a0\u00a0\u00a0\u00a0\u00a0\u00a0\u00a0\u00a0\u00a0\u00a0\u00a0\u00a0\u00a0\u00a0\u00a0\u00a0\u00a0\u00a0\u00a0\u00a0\u00a0\u00a0\u00a0\u00a0\u00a0\u00a0\u00a0\u00a0\u00a0\u00a0\u00a0\u00a0\u00a0\u00a0\u00a0\u00a0\u00a0\u00a0\u00a0\u00a0\u00a0\u00a0\u00a0\u00a0\u00a0\u00a0\u00a0\u00a0\u00a0\u00a0\u00a0\u00a0\u00a0\u00a0\u00a0\u00a0\u00a0\u00a0\u00a0\u00a0\u00a0\u00a0\u00a0\u00a0\u00a0\u00a0\u00a0\u00a0\u00a0\u00a0\u00a0\u00a0\u00a0\u00a0\u00a0\u00a0\u00a0\u00a0\u00a0\u00a0\u00a0\u00a0\u00a0\u00a0\u00a0\u00a0\u00a0\u00a0\u00a0\u00a0\u00a0\u00a0\u00a0 <\/a>Telef\u00f3n: 047\/4513136<br \/>\nMail: <a href=\"mailto:ksamoret@stonline.sk\">ksamoret@stonline.sk<\/a><br \/>\nSlu\u017eby: zariadenie n\u00fadzov\u00e9ho b\u00fdvania<em>\u00a0<\/em><\/p>\n<p><strong>Centrum soci\u00e1lnych slu\u017eieb Krupina<\/strong><br \/>\nAdresa:\u00a0Sl\u00e1dkovi\u010dova 39, 963 01 Krupina<br \/>\nWeb: <a href=\"http:\/\/www.css-ka.sk\/\">www.css-ka.sk<\/a><br \/>\nFacebook:\u00a0<a href=\"https:\/\/www.facebook.com\/CentrumSocialnychSluziebKa\/\">https:\/\/www.facebook.com\/CentrumSocialnychSluziebKa\/<\/a><br \/>\nTelef\u00f3n:\u00a00903 9693 45, 0917 565 063,\u00a00948 122 486<br \/>\nMail: <a href=\"mailto:aninasur@gmail.com\">aninasur@gmail.com<\/a>, <a href=\"mailto:css.krupina@gmail.com\">css.krupina@gmail.com<\/a><br \/>\nSlu\u017eby: zariadenie n\u00fadzov\u00e9ho b\u00fdvania, soci\u00e1lnopr\u00e1vne poradenstvo, skupinov\u00e1 terapia \u2013 podporn\u00e9 skupiny, medi\u00e1cia, sprev\u00e1dzanie na in\u0161tit\u00facie, vypracovanie posudkov a\u00a0spr\u00e1v, sprostredkovane aj kr\u00edzov\u00e1 intervencia, zdravotn\u00e9 o\u0161etrenie, psychologick\u00e9 a\u00a0pr\u00e1vne poradenstvo, psychoterapia, rodinn\u00e1 terapia<\/p>\n<p><strong>Domov d\u00f4chodcov a domov soci\u00e1lnych slu\u017eieb Klenovec<\/strong><br \/>\nAdresa: Partiz\u00e1nska 861, 980 55\u00a0 Klenovec<br \/>\nWeb: <a href=\"http:\/\/www.ddadss.sk\">www.ddadss.sk<\/a><br \/>\nTelef\u00f3n: 047\/548 4101<br \/>\nFax: 047\/548 4102<br \/>\nSlu\u017eby: pomoc pri odk\u00e1zanosti na pomoc inej fyzickej osoby, soci\u00e1lne poradenstvo, soci\u00e1lna rehabilit\u00e1cia, o\u0161etrovate\u013esk\u00e1 starostlivos\u0165, ubytovanie, stravovanie, upratovanie, pranie, \u017eehlenie a \u00fadr\u017eba bielizne a \u0161atstva, osobn\u00e9 vybavenie, vreckov\u00e9 a vecn\u00e9 dary pod\u013ea osobitn\u00e9ho predpisu nariadenou \u00fastavnou starostlivos\u0165ou, ktor\u00e9mu sa poskytuje celoro\u010dn\u00e1 pobytov\u00e1 soci\u00e1lna slu\u017eba, pracovn\u00e1 terapia, z\u00e1ujmov\u00e1 \u010dinnos\u0165<\/p>\n<p><strong>N\u00e1dej \u2013 \u00fatulok mesta Zvolen<\/strong><br \/>\nAdresa: Str\u00e1\u017e 282\/1, 960 01\u00a0 Zvolen<br \/>\nWeb: <a href=\"http:\/\/www.utuloknadejzvolen.estranky.sk\">www.utuloknadejzvolen.estranky.sk<\/a><\/p>\n<p>Telef\u00f3n:\u00a00905 515\u00a0472<br \/>\nMail: <a href=\"mailto:utuloknadejpreludibezdomova@gmail.com\">utuloknadejpreludibezdomova@gmail.com<\/a><br \/>\nSlu\u017eby: \u00fatulok, kr\u00edzov\u00e1 intervencia, prepravn\u00e9 slu\u017eby, zdravotn\u00e9 o\u0161etrenie, advok\u00e1tske zastupovanie, sprostredkovane aj soci\u00e1lnopr\u00e1vne poradenstvo, psychologick\u00e1 pomoc, podporn\u00e9 skupiny, sprev\u00e1dzanie na in\u0161tit\u00facie<\/p>\n","protected":false},"excerpt":{"rendered":"<p>Odpor\u00fa\u010dan\u00e9 zariadenia: Kr\u00edzov\u00e9 centrum SOS, n.o. Adresa: \u0160kolsk\u00e1 \u010d. 7, 979 01 Rimavsk\u00e1 Sobota Web: http:\/\/rimavskasobota.virtualne.sk\/krizove-centrum-sos.html Telef\u00f3n: 047\/ 5811 930 Mail:\u00a0 skola@szsrs.edu.sk Slu\u017eby: zariadenie n\u00fadzov\u00e9ho b\u00fdvania, \u00fatulok, odborn\u00e1 a\u00a0pr\u00e1vna pomoc klientkam Porad\u0148a obetiam n\u00e1silia Bansk\u00e1 Bystrica Adresa: \u010cSA 25, 974 01 Bansk\u00e1 Bystrica Web: www.pomocobetiam.sk\/index.htm Telef\u00f3n: 0944 254\u00a0406, 048\/321 9991 Mail: bystrica@pomocobetiam.sk Slu\u017eby: bezplatn\u00e1 a &hellip; <\/p>\n<p><a class=\"more-link block-button\" href=\"https:\/\/www.gender.gov.sk\/zastavmenasilie\/organizacie\/banskobystricky-vuc\/\">\u010c\u00edta\u0165 viac &raquo;<\/a><\/p>\n","protected":false},"author":2,"featured_media":0,"parent":273,"menu_order":5,"comment_status":"closed","ping_status":"closed","template":"","meta":[],"_links":{"self":[{"href":"https:\/\/www.gender.gov.sk\/zastavmenasilie\/wp-json\/wp\/v2\/pages\/89"}],"collection":[{"href":"https:\/\/www.gender.gov.sk\/zastavmenasilie\/wp-json\/wp\/v2\/pages"}],"about":[{"href":"https:\/\/www.gender.gov.sk\/zastavmenasilie\/wp-json\/wp\/v2\/types\/page"}],"author":[{"embeddable":true,"href":"https:\/\/www.gender.gov.sk\/zastavmenasilie\/wp-json\/wp\/v2\/users\/2"}],"replies":[{"embeddable":true,"href":"https:\/\/www.gender.gov.sk\/zastavmenasilie\/wp-json\/wp\/v2\/comments?post=89"}],"version-history":[{"count":17,"href":"https:\/\/www.gender.gov.sk\/zastavmenasilie\/wp-json\/wp\/v2\/pages\/89\/revisions"}],"predecessor-version":[{"id":1678,"href":"https:\/\/www.gender.gov.sk\/zastavmenasilie\/wp-json\/wp\/v2\/pages\/89\/revisions\/1678"}],"up":[{"embeddable":true,"href":"https:\/\/www.gender.gov.sk\/zastavmenasilie\/wp-json\/wp\/v2\/pages\/273"}],"wp:attachment":[{"href":"https:\/\/www.gender.gov.sk\/zastavmenasilie\/wp-json\/wp\/v2\/media?parent=89"}],"curies":[{"name":"wp","href":"https:\/\/api.w.org\/{rel}","templated":true}]}}