{"id":95,"date":"2013-05-29T19:40:51","date_gmt":"2013-05-29T19:40:51","guid":{"rendered":"http:\/\/www.gender.gov.sk\/zastavmenasilie\/?page_id=95"},"modified":"2017-03-23T10:08:18","modified_gmt":"2017-03-23T10:08:18","slug":"zilinsky-vuc","status":"publish","type":"page","link":"https:\/\/www.gender.gov.sk\/zastavmenasilie\/organizacie\/zilinsky-vuc\/","title":{"rendered":"\u017dilinsk\u00fd V\u00daC"},"content":{"rendered":"<p><em>Odpor\u00fa\u010dan\u00e9 zariadenia:<\/em><\/p>\n<p><strong>N\u00e1ru\u010d \u017dilina<\/strong><br \/>\nAdresa: Horn\u00fd Val \u010d. 24, 010 01 \u017dilina<br \/>\nWeb: <a href=\"http:\/\/www.naruc.sk\">www.naruc.sk<br \/>\n<\/a>Facebook: <a href=\"https:\/\/goo.gl\/30Z11K\">https:\/\/goo.gl\/30Z11K<\/a><br \/>\nTelef\u00f3n:\u00a0041\/5643 652, 041\/516 6543, 0905 988 600<br \/>\nMail: <a href=\"mailto:oz.naruc@naruc.sk\">oz.naruc@naruc.sk<\/a><br \/>\nSlu\u017eby: detsk\u00e9 kr\u00edzov\u00e9 centrum, poradensko-tr\u00e9ningov\u00e9 centrum, porad\u0148a pre rodinu v\u00a0kr\u00edze, kr\u00edzov\u00e1 intervencia, odhad rizika n\u00e1silia, zdravotn\u00e9 o\u0161etrenie (sprostredkovane), soci\u00e1lnopr\u00e1vne poradenstvo, psychologick\u00e9 poradenstvo, advok\u00e1tske zastupovanie, psychoterapia, skupinov\u00e1 terapia, rodinn\u00e1 terapia, medi\u00e1cia, sprev\u00e1dzanie na in\u0161tit\u00facie, prepravn\u00e1 \u010dinnos\u0165, vyh\u013ead\u00e1vacia \u010dinnos\u0165, vypracovanie spr\u00e1v, posudkov, fili\u00e1lna terapia, edukat\u00edvne aktivity, arteterapia, podporn\u00e9 slu\u017eby, dou\u010dovanie, vo\u013eno\u010dasov\u00e9 aktivity + komplexn\u00e9 slu\u017eby pre deti<\/p>\n<p><strong>\u017dena v\u00a0tiesni, Martin<\/strong><br \/>\nAdresa: P. O. BOX 70, 036 01 Martin<br \/>\nWeb: <a href=\"http:\/\/www.zenavtiesni.sk\">www.zenavtiesni.sk<\/a><br \/>\nTelef\u00f3n:\u00a00907 346\u00a0374, 0911 346\u00a0374, 043\/422 0853<br \/>\nMail: <a href=\"mailto:oz.zenavtiesni@tipnet.sk\">oz.zenavtiesni@tipnet.sk<\/a><br \/>\nSlu\u017eby:\u00a0kr\u00edzov\u00e9 di\u0161tan\u010dn\u00e9 poradenstvo, komplexn\u00fd poradensk\u00fd servis \u2013 pr\u00e1vne poradenstvo v\u00a0oblasti rodinn\u00e9ho, majetkov\u00e9ho a\u00a0trestn\u00e9ho pr\u00e1va, soci\u00e1lne a\u00a0psychologick\u00e9 poradenstvo, pomoc pri spisovan\u00ed \u017eiadost\u00ed, n\u00e1vrhov, vytvorenie bezpe\u010dn\u00e9ho pl\u00e1nu odchodu od n\u00e1siln\u00edka, sprev\u00e1dzanie na s\u00fadne konania, soci\u00e1lna diagnostika, internetov\u00e1 porad\u0148a, fili\u00e1lna terapia, soci\u00e1lna asistencia, prevent\u00edvne aktivity, sprostredkovanie ubytovania, pr\u00e1vnych, psychologick\u00fdch a\u00a0pedagogick\u00fdch slu\u017eieb<\/p>\n<p><strong>\u00c1no pre \u017eivot, Rajeck\u00e9 Teplice<\/strong><br \/>\nAdresa: Farsk\u00e1 543\/2, 013 13 Rajeck\u00e9\u00a0Teplice<br \/>\nWeb: <a href=\"http:\/\/www.anoprezivot.sk\">www.anoprezivot.sk<\/a><br \/>\nTelef\u00f3n: 0800 12 00 24 , 041\/54 94\u00a0950, 0911 534 894<br \/>\nMail: <a href=\"mailto:apz@nextra.sk\">apz@nextra.sk<\/a><br \/>\nSlu\u017eby: zariadenie n\u00fadzov\u00e9ho b\u00fdvania s\u00a0utajenou adresou, z\u00e1kladn\u00e9 soci\u00e1lne poradenstvo, kr\u00edzov\u00e1 linka, kr\u00edzov\u00e1 intervencia, odhad rizika n\u00e1silia, zdravotn\u00e9 o\u0161etrenie (sprostredkovane), soci\u00e1lnopr\u00e1vne poradenstvo, psychologick\u00e9 poradenstvo, advok\u00e1tske zastupovanie, psychoterapia, skupinov\u00e1 terapia, rodinn\u00e1 terapia, medi\u00e1cia (sprostredkovane), sprev\u00e1dzanie na in\u0161tit\u00facie, prepravn\u00e1 \u010dinnos\u0165, vypracovanie spr\u00e1v, posudkov<\/p>\n<p><strong>Centrum soci\u00e1lnych slu\u017eieb ANIMA<\/strong><br \/>\nPoradensk\u00e9 centrum\u00a0pre \u017eeny ohrozen\u00e9 n\u00e1sil\u00edm a za\u017e\u00edvaj\u00face n\u00e1silie a\u00a0ich deti<br \/>\nAdresa: utajen\u00e1<br \/>\nWeb: <a href=\"http:\/\/www.jefremovska.dsszsk.sk\">www.jefremovska.dsszsk.sk<br \/>\n<\/a>Telef\u00f3n: 0905 941 080<br \/>\nMail: <a href=\"mailto:poradenskecentrumlm@gmail.com\">poradenskecentrumlm@gmail.com<br \/>\n<\/a>Slu\u017eby: kr\u00edzov\u00e9 str\u00e1niace poradenstvo, pr\u00e1vne poradenstvo, psychologick\u00e1 pomoc, podporn\u00e9 skupiny, sprievod pri \u00faradnom vybavovan\u00ed, pomoc pri spracovan\u00ed p\u00edsomnost\u00ed, sprostredkovanie ubytovania na dobu ur\u010dit\u00fa<\/p>\n<p>&nbsp;<\/p>\n<p><em>Ostatn\u00e9 zariadenia, ktor\u00e9 pon\u00fakaj\u00fa pomoc aj \u017een\u00e1m za\u017e\u00edvaj\u00facim n\u00e1silie a ich de\u0165om:<\/em><\/p>\n<p><strong>Dom sv. Gianni, \u010cadca<\/strong><br \/>\nAdresa:\u00a0Kuku\u010d\u00ednova 4, 022 01 \u010cadca<br \/>\nTelef\u00f3n:\u00a0041\/432 4088<br \/>\nMail:\u00a0<a href=\"mailto:dchgianna.ca@gmail.com\">dchgianna.ca@gmail.com<\/a><br \/>\nSlu\u017eby:\u00a0zariadenie n\u00fadzov\u00e9ho b\u00fdvania, skupinov\u00e1 terapia, rodinn\u00e1 terapia, sprev\u00e1dzanie na in\u0161tit\u00facie, zdravotn\u00e9 o\u0161etrenie (sprostredkovane), soci\u00e1lnopr\u00e1vne a\u00a0psychologick\u00e9 poradenstvo (sprostredkovane), advok\u00e1tske zast\u00fapenie (sprostredkovane), medi\u00e1cia (sprostredkovane)<\/p>\n<p><strong>Slovensk\u00e9 centrum pomoci, \u010cierne<\/strong><br \/>\nAdresa: \u010cierne 438, 023 13 \u010cierne<br \/>\nWeb: <a href=\"http:\/\/www.krizovalinka.sk\">www.krizovalinka.sk<\/a><br \/>\nMail: <a href=\"mailto:pomoc@krizovalinka.sk\">pomoc@krizovalinka.sk<\/a><br \/>\nSlu\u017eby: z\u00e1kladn\u00e9 soci\u00e1lne poradenstvo, kr\u00edzov\u00e1 intervencia, odhad rizika n\u00e1silia<\/p>\n<p><strong>Domov soci\u00e1lnych slu\u017eieb Doln\u00fd Kub\u00edn (Zaskalick\u00e1 a\u00a0Poradensk\u00e9 centrum Hattalov\u00e1)<\/strong><br \/>\nAdresa: Z\u00e1skalick\u00e1 907, M. Hattalu 2162, 026 01 Doln\u00fd Kub\u00edn<br \/>\nWeb:\u00a0<a href=\"http:\/\/www.matuskova.dsszsk.sk\">www.matuskova.dsszsk.sk<\/a><br \/>\nTelef\u00f3n: 0905 668\u00a0853, 0917 328 555<br \/>\nMail: <a href=\"mailto:znb.dkubin@gmail.com\">znb.dkubin@gmail.com<\/a>, <a href=\"mailto:porad.centrumdk@gmail.com\">porad.centrumdk@gmail.com<\/a><br \/>\nSlu\u017eby: zariadenie n\u00fadzov\u00e9ho b\u00fdvania, z\u00e1kladn\u00e9 soci\u00e1lne poradenstvo, kr\u00edzov\u00e1 intervencia, odhad rizika n\u00e1silia, zdravotn\u00e9 o\u0161etrenie (sprostredkovane), soci\u00e1lnopr\u00e1vne, psychologick\u00e9 poradenstvo, advok\u00e1tske zastupovanie a\u00a0psychoterapia \u2013 individu\u00e1lna (sprostredkovane), skupinov\u00e1 terapia, medi\u00e1cia a\u00a0sprev\u00e1dzanie na in\u0161tit\u00facie (sprostredkovane), vyh\u013ead\u00e1vacia \u010dinnos\u0165 (sprostredkovane), pr\u00e1ca s\u00a0n\u00e1siln\u00edkom (sprostredkovane), vypracovanie spr\u00e1v, posudkov + slu\u017eby de\u0165om<\/p>\n<p><strong>Dom Charita Sv. Kl\u00e1ry, Liptovsk\u00fd Mikul\u00e1\u0161<\/strong><br \/>\nAdresa: Borbisov\u00e1 5, 031 01 Liptovsk\u00fd Mikul\u00e1\u0161<br \/>\nWeb: <a href=\"http:\/\/www.caritas.sk\">www.caritas.sk<\/a><br \/>\nTelef\u00f3n: 044\/56 21\u00a0932, 0902 327 955<br \/>\nMail: <a href=\"mailto:anna.bodorikova@caritas.sk\">anna.bodorikova@caritas.sk<\/a><br \/>\nSlu\u017eby: noc\u013eah\u00e1re\u0148, kr\u00edzov\u00e1 linka, kr\u00edzov\u00e1 intervencia, odhad rizika n\u00e1silia, zdravotn\u00e9 o\u0161etrenie a\u00a0soci\u00e1lnopr\u00e1vne poradenstvo (sprostredkovane), psychologick\u00e9 poradenstvo, psychoterapia \u2013 individu\u00e1lna (sprostredkovane), skupinov\u00e1 terapia \u2013 podporn\u00e9 skupiny, sprev\u00e1dzanie na in\u0161tit\u00facie, prepravn\u00e1 \u010dinnos\u0165, vypracovanie spr\u00e1v posudkov, potraviny, \u0161atstvo<\/p>\n","protected":false},"excerpt":{"rendered":"<p>Odpor\u00fa\u010dan\u00e9 zariadenia: N\u00e1ru\u010d \u017dilina Adresa: Horn\u00fd Val \u010d. 24, 010 01 \u017dilina Web: www.naruc.sk Facebook: https:\/\/goo.gl\/30Z11K Telef\u00f3n:\u00a0041\/5643 652, 041\/516 6543, 0905 988 600 Mail: oz.naruc@naruc.sk Slu\u017eby: detsk\u00e9 kr\u00edzov\u00e9 centrum, poradensko-tr\u00e9ningov\u00e9 centrum, porad\u0148a pre rodinu v\u00a0kr\u00edze, kr\u00edzov\u00e1 intervencia, odhad rizika n\u00e1silia, zdravotn\u00e9 o\u0161etrenie (sprostredkovane), soci\u00e1lnopr\u00e1vne poradenstvo, psychologick\u00e9 poradenstvo, advok\u00e1tske zastupovanie, psychoterapia, skupinov\u00e1 terapia, rodinn\u00e1 terapia, medi\u00e1cia, &hellip; <\/p>\n<p><a class=\"more-link block-button\" href=\"https:\/\/www.gender.gov.sk\/zastavmenasilie\/organizacie\/zilinsky-vuc\/\">\u010c\u00edta\u0165 viac &raquo;<\/a><\/p>\n","protected":false},"author":2,"featured_media":0,"parent":273,"menu_order":4,"comment_status":"closed","ping_status":"closed","template":"","meta":[],"_links":{"self":[{"href":"https:\/\/www.gender.gov.sk\/zastavmenasilie\/wp-json\/wp\/v2\/pages\/95"}],"collection":[{"href":"https:\/\/www.gender.gov.sk\/zastavmenasilie\/wp-json\/wp\/v2\/pages"}],"about":[{"href":"https:\/\/www.gender.gov.sk\/zastavmenasilie\/wp-json\/wp\/v2\/types\/page"}],"author":[{"embeddable":true,"href":"https:\/\/www.gender.gov.sk\/zastavmenasilie\/wp-json\/wp\/v2\/users\/2"}],"replies":[{"embeddable":true,"href":"https:\/\/www.gender.gov.sk\/zastavmenasilie\/wp-json\/wp\/v2\/comments?post=95"}],"version-history":[{"count":16,"href":"https:\/\/www.gender.gov.sk\/zastavmenasilie\/wp-json\/wp\/v2\/pages\/95\/revisions"}],"predecessor-version":[{"id":1676,"href":"https:\/\/www.gender.gov.sk\/zastavmenasilie\/wp-json\/wp\/v2\/pages\/95\/revisions\/1676"}],"up":[{"embeddable":true,"href":"https:\/\/www.gender.gov.sk\/zastavmenasilie\/wp-json\/wp\/v2\/pages\/273"}],"wp:attachment":[{"href":"https:\/\/www.gender.gov.sk\/zastavmenasilie\/wp-json\/wp\/v2\/media?parent=95"}],"curies":[{"name":"wp","href":"https:\/\/api.w.org\/{rel}","templated":true}]}}