{"id":97,"date":"2013-05-29T19:42:43","date_gmt":"2013-05-29T19:42:43","guid":{"rendered":"http:\/\/www.gender.gov.sk\/zastavmenasilie\/?page_id=97"},"modified":"2017-03-23T13:49:00","modified_gmt":"2017-03-23T13:49:00","slug":"presovsky-vuc","status":"publish","type":"page","link":"https:\/\/www.gender.gov.sk\/zastavmenasilie\/organizacie\/presovsky-vuc\/","title":{"rendered":"Pre\u0161ovsk\u00fd V\u00daC"},"content":{"rendered":"<p><em>Odpor\u00fa\u010dan\u00e9 zariadenia:<\/em><\/p>\n<p><strong>Z\u00e1ujmov\u00e9 zdru\u017eenie \u017eien MyMamy, Pre\u0161ov<\/strong><br \/>\nAdresa: J\u00e1no\u0161\u00edkova 70, 080 01 Pre\u0161ov<br \/>\nWeb: <a href=\"http:\/\/www.mymamy.sk\">www.mymamy.sk<\/a><br \/>\nTelef\u00f3n: 051\/771 2233, 0911 444 991<br \/>\nMail: <a href=\"mailto:poradkyne@mymamy.sk\">poradkyne@mymamy.sk<\/a><br \/>\nSlu\u017eby: zariadenie n\u00fadzov\u00e9ho b\u00fdvania, ubytovanie, kr\u00edzov\u00e1 linka, kr\u00edzov\u00e1 intervencia, odhad rizika n\u00e1silia, zdravotn\u00e9 o\u0161etrenie (sprostredkovane), soci\u00e1lnopr\u00e1vne poradenstvo, psychologick\u00e9 poradenstvo,\u00a0 advok\u00e1tske zastupovanie, psychoterapia (sprostredkovane), skupinov\u00e1 terapia, sprev\u00e1dzanie na in\u0161tit\u00facie, vypracovanie spr\u00e1v, posudkov + slu\u017eby pre deti klientok<\/p>\n<p><strong>PROGRESFEM, kr\u00edzov\u00e1 porad\u0148a pre \u017eeny a\u00a0deti, Poprad <\/strong><\/p>\n<p>Telef\u00f3n: 0919\u00a0235 820, 0908 121 427 (Po-Pia: 8.00 \u2013 16.00)<\/p>\n<p>Web: <a href=\"http:\/\/www.progresfem.sk\">www.progresfem.sk<\/a><\/p>\n<p>Mail: <a href=\"mailto:krizovaporadna.pp@azet.sk\">progresfem@progresfem.sk<\/a><\/p>\n<p>Slu\u017eby:\u00a0soci\u00e1lne, pr\u00e1vne a psychologick\u00e9 poradenstvo, podporn\u00e9 skupiny, ter\u00e9nno-soci\u00e1lna\u00a0pr\u00e1ca, doprovod a\u00a0sprev\u00e1dzanie na \u00faradoch<\/p>\n<p>&nbsp;<\/p>\n<p><em>Ostatn\u00e9 zariadenia, ktor\u00e9 pon\u00fakaj\u00fa pomoc aj \u017een\u00e1m za\u017e\u00edvaj\u00facim n\u00e1silie a ich de\u0165om:<\/em><\/p>\n<p><strong>Centrum soci\u00e1lnych slu\u017eieb Slne\u010dn\u00fd dom, Pre\u0161ov<\/strong><br \/>\nAdresa: Va\u017eeck\u00e1 3, 080 05 Pre\u0161ov<br \/>\nWeb: <a href=\"http:\/\/www.dssvazeckapo.sk\">www.dssvazeckapo.sk<\/a><\/p>\n<p>Telef\u00f3n: 051\/773 4704, 051\/749 5290, 051\/775 7356<br \/>\nMail: <a href=\"mailto:dssvazecka@stonline.sk\">dssvazecka@stonline.sk<\/a><br \/>\nSlu\u017eby: kr\u00edzov\u00e9 stredisko, \u0161pecializovan\u00e9 poradenstvo, kr\u00edzov\u00e1 intervencia, psychologick\u00e9 poradenstvo, sprev\u00e1dzanie na in\u0161tit\u00facie, vypracovanie spr\u00e1v a\u00a0posudkov, sprostredkovane aj zdravotn\u00e9 o\u0161etrenie + slu\u017eby osobitne zameran\u00e9 na deti: psychologick\u00e9 poradenstvo, v\u00fdchova det\u00ed, skupinov\u00e1 pr\u00e1ca, vo\u013eno\u010dasov\u00e9 aktivity, t\u00e1bory<\/p>\n<p><strong>Pomoc obetiam n\u00e1silia<\/strong><br \/>\nAdresa: Po\u017eiarnicka 3, 080 01 Pre\u0161ov<br \/>\nWeb: <a href=\"http:\/\/www.pomocobetiam.sk\">www.pomocobetiam.sk<\/a><br \/>\nTelef\u00f3n: 051\/321 9991<\/p>\n<p><strong>Ob\u010dianske zdru\u017eenie Familiaris, Svit<\/strong><br \/>\nAdresa: Ul. SNP 145\/9, 059 21 Svit<br \/>\nWeb: <a href=\"http:\/\/www.familiaris.sk\">www.familiaris.sk<\/a><br \/>\nFacebook:\u00a0<a href=\"https:\/\/goo.gl\/Eyu6sg\">https:\/\/goo.gl\/Eyu6sg<\/a><br \/>\nTelef\u00f3n: 0905 742 400<br \/>\nMail: <a href=\"mailto:familiaris.poradenstvo@gmail.com\">familiaris.poradenstvo@gmail.com<\/a><br \/>\nSlu\u017eby: soci\u00e1lnopr\u00e1vne poradenstvo, skupinov\u00e1 terapia, rodinn\u00e1 terapia, sprev\u00e1dzanie na in\u0161tit\u00facie, prepravn\u00e1 \u010dinnos\u0165, vyh\u013ead\u00e1vacia \u010dinnos\u0165, pr\u00e1ca s\u00a0n\u00e1siln\u00edkom, jeho terapia, zdravotn\u00e9 o\u0161etrenie, psychologick\u00e9 poradenstvo, advok\u00e1tske zast\u00fapenie, individu\u00e1lna psychoterapia<\/p>\n<p><strong>Centrum soci\u00e1lnych slu\u017eieb Batizovce, zariadenie n\u00fadzov\u00e9ho b\u00fdvania a\u00a0\u00fatulok vo Svite<\/strong><br \/>\nAdresa: Dru\u017estevn\u00e1 25\/3, 059 35 \u00a0Batizovce<br \/>\nWeb: <a href=\"http:\/\/www.cssbatizovce.sk\">www.cssbatizovce.sk<\/a><br \/>\nTelef\u00f3n: 052\/ 784 9716, 0905 262 686<br \/>\nMail: <a href=\"mailto:bolisegova.katarina@cssbatizovce.sk\">bolisegova.katarina@cssbatizovce.sk<\/a><br \/>\nSlu\u017eby: \u00fatulok a\u00a0zariadenie n\u00fadzov\u00e9ho b\u00fdvania, sprev\u00e1dzanie na in\u0161tit\u00facie, z\u00e1kladn\u00e9 poradenstvo<\/p>\n<p><strong>OZ N\u00e1vrat, Pre\u0161ov<\/strong><br \/>\nAdresa: Sv\u00e4toplukov\u00e1 12, 080 01 Pre\u0161ov<br \/>\nWeb: <a href=\"http:\/\/www.navrat.sk\">www.navrat.sk<\/a><br \/>\nTelef\u00f3n: 051\/771 16 79, 0918 391 019<br \/>\nMail: <a href=\"mailto:navratpo@navrat.sk\">navratpo@navrat.sk<\/a><br \/>\nSlu\u017eby: n\u00edzkoprahov\u00e9 denn\u00e9 centrum, kr\u00edzov\u00e1 intervencia, odhad rizika n\u00e1silia, soci\u00e1lnopr\u00e1vne a\u00a0psychologick\u00e9 poradenstvo, medi\u00e1cia \u2013 iba bez ak\u00fatneho n\u00e1silia, sprev\u00e1dzanie na in\u0161tit\u00facie, sprostredkovanie aj ubytovanie, advok\u00e1tske zastupovanie + slu\u017eby de\u0165om<\/p>\n<p><strong>Porad\u0148a PON POPRAD<\/strong><\/p>\n<p>Konzult\u00e1cie aj bez objednania: Utorok a\u00a0\u0161tvrtok: 14,00 \u2013 18,00<\/p>\n<p>Adresa: Ke\u017emarsk\u00e1 3524\/9, 058 01 Poprad<\/p>\n<p>Telef\u00f3n, odkazova\u010d, fax: 052\/772 5068<\/p>\n<p>Mobil: 0905 213\u00a0283<\/p>\n<p>Mail: <a href=\"mailto:poprad@pomocobetiam.sk\">poprad@pomocobetiam.sk<\/a><\/p>\n","protected":false},"excerpt":{"rendered":"<p>Odpor\u00fa\u010dan\u00e9 zariadenia: Z\u00e1ujmov\u00e9 zdru\u017eenie \u017eien MyMamy, Pre\u0161ov Adresa: J\u00e1no\u0161\u00edkova 70, 080 01 Pre\u0161ov Web: www.mymamy.sk Telef\u00f3n: 051\/771 2233, 0911 444 991 Mail: poradkyne@mymamy.sk Slu\u017eby: zariadenie n\u00fadzov\u00e9ho b\u00fdvania, ubytovanie, kr\u00edzov\u00e1 linka, kr\u00edzov\u00e1 intervencia, odhad rizika n\u00e1silia, zdravotn\u00e9 o\u0161etrenie (sprostredkovane), soci\u00e1lnopr\u00e1vne poradenstvo, psychologick\u00e9 poradenstvo,\u00a0 advok\u00e1tske zastupovanie, psychoterapia (sprostredkovane), skupinov\u00e1 terapia, sprev\u00e1dzanie na in\u0161tit\u00facie, vypracovanie spr\u00e1v, posudkov + &hellip; <\/p>\n<p><a class=\"more-link block-button\" href=\"https:\/\/www.gender.gov.sk\/zastavmenasilie\/organizacie\/presovsky-vuc\/\">\u010c\u00edta\u0165 viac &raquo;<\/a><\/p>\n","protected":false},"author":2,"featured_media":0,"parent":273,"menu_order":8,"comment_status":"closed","ping_status":"closed","template":"","meta":[],"_links":{"self":[{"href":"https:\/\/www.gender.gov.sk\/zastavmenasilie\/wp-json\/wp\/v2\/pages\/97"}],"collection":[{"href":"https:\/\/www.gender.gov.sk\/zastavmenasilie\/wp-json\/wp\/v2\/pages"}],"about":[{"href":"https:\/\/www.gender.gov.sk\/zastavmenasilie\/wp-json\/wp\/v2\/types\/page"}],"author":[{"embeddable":true,"href":"https:\/\/www.gender.gov.sk\/zastavmenasilie\/wp-json\/wp\/v2\/users\/2"}],"replies":[{"embeddable":true,"href":"https:\/\/www.gender.gov.sk\/zastavmenasilie\/wp-json\/wp\/v2\/comments?post=97"}],"version-history":[{"count":16,"href":"https:\/\/www.gender.gov.sk\/zastavmenasilie\/wp-json\/wp\/v2\/pages\/97\/revisions"}],"predecessor-version":[{"id":1682,"href":"https:\/\/www.gender.gov.sk\/zastavmenasilie\/wp-json\/wp\/v2\/pages\/97\/revisions\/1682"}],"up":[{"embeddable":true,"href":"https:\/\/www.gender.gov.sk\/zastavmenasilie\/wp-json\/wp\/v2\/pages\/273"}],"wp:attachment":[{"href":"https:\/\/www.gender.gov.sk\/zastavmenasilie\/wp-json\/wp\/v2\/media?parent=97"}],"curies":[{"name":"wp","href":"https:\/\/api.w.org\/{rel}","templated":true}]}}